{"id":78,"date":"2025-01-12T16:14:02","date_gmt":"2025-01-12T16:14:02","guid":{"rendered":"https:\/\/zeitfuermaerchen.ch\/?page_id=78"},"modified":"2026-01-18T17:12:43","modified_gmt":"2026-01-18T17:12:43","slug":"stephanie-schachtner","status":"publish","type":"page","link":"https:\/\/zeitfuermaerchen.ch\/","title":{"rendered":"Stephanie Schachtner"},"content":{"rendered":"\n<p>Ich bin ohne M\u00e4rchen aufgewachsen, obwohl ich als geb\u00fcrtige Augsburgerin in der Augsburger Puppenkiste oft die Gelegenheit dazu gehabt h\u00e4tte: zu brutal, zu blutr\u00fcnstig, zu altbacken.<br>Meine ersten, bewussten Schritte in die M\u00e4rchenwelt, machte ich im Dezember 2014 beim Seminar \u201eEinf\u00fchrung in die M\u00e4rchenarbeit\u201c.&nbsp;<br>Danach nahm ich an einer Kreativ-Seminar-Reihe \u201eMit M\u00e4rchen durch die Elemente\u201c teil.<br>Dabei durfte ich nicht nur viele M\u00e4rchen h\u00f6ren, ich durfte sie auch kreativ umsetzen: eine M\u00e4rchenwelt \u00f6ffnete ihre Tore f\u00fcr mich.<br>&nbsp;<br>Danach stand fest: Das will ich auch k\u00f6nnen!<br>Jede Kultur, jedes Land hat seine eigenen M\u00e4rchen. In vielen M\u00e4rchen, geht es gar nicht darum den Prinzen zu bekommen \u2013 es geht um Allt\u00e4gliches, um kleine und grosse Wesen und um die Auseinandersetzung mit Themen die heute noch genauso pr\u00e4sent sind wie zu der Zeit als sie zum ersten Mal erz\u00e4hlt wurden. Diese Tradition des Erz\u00e4hlens m\u00f6chte ich fortf\u00fchren.<br>Aber M\u00e4rchen k\u00f6nnen noch mehr. M\u00e4rchen k\u00f6nnen bewegen, anstupsen, anregen.<br>M\u00e4rchen k\u00f6nnen begleiten und M\u00e4rchen k\u00f6nnen heilen.<\/p>\n\n\n\n<p>Ich bin Mitglied im Netzwerk der Mutabor M\u00e4rchenstiftung und im Verband Erz\u00e4hlerinnen und Erz\u00e4hler e.V.<\/p>\n\n\n\n<p><br><\/p>\n\n\n\n<figure class=\"wp-block-gallery has-nested-images columns-default is-cropped wp-block-gallery-1 is-layout-flex wp-block-gallery-is-layout-flex\"><\/figure>\n\n\n\n<div class=\"wp-block-media-text is-stacked-on-mobile\"><figure class=\"wp-block-media-text__media\"><img loading=\"lazy\" decoding=\"async\" width=\"200\" height=\"200\" src=\"https:\/\/zeitfuermaerchen.ch\/wp-content\/uploads\/2025\/04\/Maerchenstiftunglogo-klein.png\" alt=\"\" class=\"wp-image-355 size-full\" srcset=\"https:\/\/zeitfuermaerchen.ch\/wp-content\/uploads\/2025\/04\/Maerchenstiftunglogo-klein.png 200w, https:\/\/zeitfuermaerchen.ch\/wp-content\/uploads\/2025\/04\/Maerchenstiftunglogo-klein-150x150.png 150w, https:\/\/zeitfuermaerchen.ch\/wp-content\/uploads\/2025\/04\/Maerchenstiftunglogo-klein-100x100.png 100w\" sizes=\"auto, (max-width: 200px) 100vw, 200px\" \/><\/figure><div class=\"wp-block-media-text__content\">\n<p><\/p>\n\n\n\n<figure class=\"wp-block-image size-full\"><img loading=\"lazy\" decoding=\"async\" width=\"336\" height=\"330\" src=\"https:\/\/zeitfuermaerchen.ch\/wp-content\/uploads\/2025\/04\/Logo-Vee.png\" alt=\"\" class=\"wp-image-358\" srcset=\"https:\/\/zeitfuermaerchen.ch\/wp-content\/uploads\/2025\/04\/Logo-Vee.png 336w, https:\/\/zeitfuermaerchen.ch\/wp-content\/uploads\/2025\/04\/Logo-Vee-300x295.png 300w\" sizes=\"auto, (max-width: 336px) 100vw, 336px\" \/><\/figure>\n<\/div><\/div>\n\n\n\n<h2 class=\"wp-block-heading\"><strong>Ich erz\u00e4hle M\u00e4rchen aus aller Welt f\u00fcr Menschen aus aller Welt:<\/strong><\/h2>\n\n\n\n<p><\/p>\n\n\n\n<p><strong>F\u00fcr Kinder<\/strong><\/p>\n\n\n\n<div class=\"wp-block-media-text has-media-on-the-right is-stacked-on-mobile is-vertically-aligned-top\"><div class=\"wp-block-media-text__content\">\n<p>Kinder brauchen M\u00e4rchen! Kinder erleben M\u00e4rchen so wie sie sie h\u00f6ren: live und in Farbe. Sie nehmen vom M\u00e4rchen das mit, was sie ber\u00fchrt. Alles was f\u00fcr sie nicht wichtig ist, lassen sie grossz\u00fcgig weg.<br>Hier k\u00f6nnen wir von den Kindern nur lernen.<br>Ich komme gerne in die Schule, den Kindergarten, auf M\u00e4rkte oder private Anl\u00e4sse &#8211; man kann mich buchen.<br>Dazu biete ich Anl\u00e4sse f\u00fcr Kinder und Familien an.&nbsp;<\/p>\n\n\n\n<p><a href=\"https:\/\/www.zeitfuermaerchen.ch\/zeit-fuer-maerchen-agenda\/\" target=\"_blank\" rel=\"noreferrer noopener\"><\/a><\/p>\n<\/div><figure class=\"wp-block-media-text__media\"><img loading=\"lazy\" decoding=\"async\" width=\"334\" height=\"339\" src=\"https:\/\/zeitfuermaerchen.ch\/wp-content\/uploads\/2025\/01\/Screenshot-2025-01-12-193219.png\" alt=\"\" class=\"wp-image-105 size-full\" srcset=\"https:\/\/zeitfuermaerchen.ch\/wp-content\/uploads\/2025\/01\/Screenshot-2025-01-12-193219.png 334w, https:\/\/zeitfuermaerchen.ch\/wp-content\/uploads\/2025\/01\/Screenshot-2025-01-12-193219-296x300.png 296w, https:\/\/zeitfuermaerchen.ch\/wp-content\/uploads\/2025\/01\/Screenshot-2025-01-12-193219-100x100.png 100w\" sizes=\"auto, (max-width: 334px) 100vw, 334px\" \/><\/figure><\/div>\n\n\n\n<p><strong>F\u00fcr Erwachsene<\/strong><\/p>\n\n\n\n<div class=\"wp-block-media-text is-stacked-on-mobile\"><figure class=\"wp-block-media-text__media\"><img loading=\"lazy\" decoding=\"async\" width=\"1024\" height=\"1024\" src=\"https:\/\/zeitfuermaerchen.ch\/wp-content\/uploads\/2025\/01\/DSC_5914.1JPG-1024x1024.jpg\" alt=\"\" class=\"wp-image-101 size-full\" srcset=\"https:\/\/zeitfuermaerchen.ch\/wp-content\/uploads\/2025\/01\/DSC_5914.1JPG-1024x1024.jpg 1024w, https:\/\/zeitfuermaerchen.ch\/wp-content\/uploads\/2025\/01\/DSC_5914.1JPG-300x300.jpg 300w, https:\/\/zeitfuermaerchen.ch\/wp-content\/uploads\/2025\/01\/DSC_5914.1JPG-150x150.jpg 150w, https:\/\/zeitfuermaerchen.ch\/wp-content\/uploads\/2025\/01\/DSC_5914.1JPG-768x768.jpg 768w, https:\/\/zeitfuermaerchen.ch\/wp-content\/uploads\/2025\/01\/DSC_5914.1JPG-100x100.jpg 100w, https:\/\/zeitfuermaerchen.ch\/wp-content\/uploads\/2025\/01\/DSC_5914.1JPG.jpg 1256w\" sizes=\"auto, (max-width: 767px) 89vw, (max-width: 1000px) 54vw, (max-width: 1071px) 543px, 580px\" \/><\/figure><div class=\"wp-block-media-text__content\">\n<p>Eigentlich sind M\u00e4rchen Geschichten von Erwachsenen f\u00fcr Erwachsene.<br>So wie die Kinder brauchen auch wir Erwachsene M\u00e4rchen. Auch Erwachsene profitieren vom Zuh\u00f6ren, von den Bildern und Welten die in ihnen wachsen und entstehen.<br>Ich komme gerne in Seminare, zu Hochzeiten, zu Festen und Feiern, aber auch zu Abschieden und Beerdigungen.<br>Dazu biete ich immer wieder Anl\u00e4sse f\u00fcr Erwachsene an.<a href=\"https:\/\/www.zeitfuermaerchen.ch\/zeit-fuer-maerchen-agenda\/\" target=\"_blank\" rel=\"noreferrer noopener\"><\/a><\/p>\n<\/div><\/div>\n\n\n\n<p><strong>F\u00fcr Schulen<\/strong><\/p>\n\n\n\n<div class=\"wp-block-media-text has-media-on-the-right is-stacked-on-mobile\"><div class=\"wp-block-media-text__content\">\n<p>Klassen, so individuell sind ihre W\u00fcnsche an einen M\u00e4rchenanlass im Klassenzimmer:<br>Eine Lektion mit zwei bis drei M\u00e4rchen?<br>Eine Doppellektion und wir k\u00f6nnen neben den M\u00e4rchen noch kreativ werden?<br>Einen M\u00e4rchenvormittag mit allem Drum und Dran?<br>Ich erstelle jeder Klasse ihr pers\u00f6nlich zugeschnittenes Angebot.<\/p>\n<\/div><figure class=\"wp-block-media-text__media\"><img loading=\"lazy\" decoding=\"async\" width=\"339\" height=\"334\" src=\"https:\/\/zeitfuermaerchen.ch\/wp-content\/uploads\/2025\/01\/Screenshot-2025-01-12-193029.png\" alt=\"\" class=\"wp-image-104 size-full\" srcset=\"https:\/\/zeitfuermaerchen.ch\/wp-content\/uploads\/2025\/01\/Screenshot-2025-01-12-193029.png 339w, https:\/\/zeitfuermaerchen.ch\/wp-content\/uploads\/2025\/01\/Screenshot-2025-01-12-193029-300x296.png 300w, https:\/\/zeitfuermaerchen.ch\/wp-content\/uploads\/2025\/01\/Screenshot-2025-01-12-193029-100x100.png 100w\" sizes=\"auto, (max-width: 339px) 100vw, 339px\" \/><\/figure><\/div>\n\n\n\n<figure class=\"wp-block-image size-large\"><img loading=\"lazy\" decoding=\"async\" width=\"724\" height=\"1024\" src=\"https:\/\/zeitfuermaerchen.ch\/wp-content\/uploads\/2026\/01\/Plakat-Froschkoenig.K-1-724x1024.jpg\" alt=\"\" class=\"wp-image-428\" srcset=\"https:\/\/zeitfuermaerchen.ch\/wp-content\/uploads\/2026\/01\/Plakat-Froschkoenig.K-1-724x1024.jpg 724w, https:\/\/zeitfuermaerchen.ch\/wp-content\/uploads\/2026\/01\/Plakat-Froschkoenig.K-1-212x300.jpg 212w, https:\/\/zeitfuermaerchen.ch\/wp-content\/uploads\/2026\/01\/Plakat-Froschkoenig.K-1-768x1087.jpg 768w, https:\/\/zeitfuermaerchen.ch\/wp-content\/uploads\/2026\/01\/Plakat-Froschkoenig.K-1-1085x1536.jpg 1085w, https:\/\/zeitfuermaerchen.ch\/wp-content\/uploads\/2026\/01\/Plakat-Froschkoenig.K-1.jpg 1190w\" sizes=\"auto, (max-width: 724px) 100vw, 724px\" \/><\/figure>\n\n\n\n<figure class=\"wp-block-image size-large\"><img loading=\"lazy\" decoding=\"async\" width=\"1024\" height=\"382\" src=\"https:\/\/zeitfuermaerchen.ch\/wp-content\/uploads\/2025\/01\/Orangenbaum-Karte-Vorderseite-1024x382.jpg\" alt=\"\" class=\"wp-image-156\" srcset=\"https:\/\/zeitfuermaerchen.ch\/wp-content\/uploads\/2025\/01\/Orangenbaum-Karte-Vorderseite-1024x382.jpg 1024w, https:\/\/zeitfuermaerchen.ch\/wp-content\/uploads\/2025\/01\/Orangenbaum-Karte-Vorderseite-300x112.jpg 300w, https:\/\/zeitfuermaerchen.ch\/wp-content\/uploads\/2025\/01\/Orangenbaum-Karte-Vorderseite-768x286.jpg 768w, https:\/\/zeitfuermaerchen.ch\/wp-content\/uploads\/2025\/01\/Orangenbaum-Karte-Vorderseite-1536x573.jpg 1536w, https:\/\/zeitfuermaerchen.ch\/wp-content\/uploads\/2025\/01\/Orangenbaum-Karte-Vorderseite.jpg 1641w\" sizes=\"auto, (max-width: 767px) 89vw, (max-width: 1000px) 54vw, (max-width: 1071px) 543px, 580px\" \/><\/figure>\n","protected":false},"excerpt":{"rendered":"<p>Ich bin ohne M\u00e4rchen aufgewachsen, obwohl ich als geb\u00fcrtige Augsburgerin in der Augsburger Puppenkiste oft die Gelegenheit dazu gehabt h\u00e4tte: zu brutal, zu blutr\u00fcnstig, zu altbacken.Meine ersten, bewussten Schritte in die M\u00e4rchenwelt, machte ich im Dezember 2014 beim Seminar \u201eEinf\u00fchrung in die M\u00e4rchenarbeit\u201c.&nbsp;Danach nahm ich an einer Kreativ-Seminar-Reihe \u201eMit M\u00e4rchen durch die Elemente\u201c teil.Dabei durfte &hellip; <\/p>\n<p class=\"link-more\"><a href=\"https:\/\/zeitfuermaerchen.ch\/\" class=\"more-link\"><span class=\"screen-reader-text\">&#171;Stephanie Schachtner&#187;<\/span> weiterlesen<\/a><\/p>\n","protected":false},"author":1,"featured_media":157,"parent":0,"menu_order":0,"comment_status":"closed","ping_status":"closed","template":"","meta":{"footnotes":""},"class_list":["post-78","page","type-page","status-publish","has-post-thumbnail","hentry"],"_links":{"self":[{"href":"https:\/\/zeitfuermaerchen.ch\/index.php?rest_route=\/wp\/v2\/pages\/78","targetHints":{"allow":["GET"]}}],"collection":[{"href":"https:\/\/zeitfuermaerchen.ch\/index.php?rest_route=\/wp\/v2\/pages"}],"about":[{"href":"https:\/\/zeitfuermaerchen.ch\/index.php?rest_route=\/wp\/v2\/types\/page"}],"author":[{"embeddable":true,"href":"https:\/\/zeitfuermaerchen.ch\/index.php?rest_route=\/wp\/v2\/users\/1"}],"replies":[{"embeddable":true,"href":"https:\/\/zeitfuermaerchen.ch\/index.php?rest_route=%2Fwp%2Fv2%2Fcomments&post=78"}],"version-history":[{"count":9,"href":"https:\/\/zeitfuermaerchen.ch\/index.php?rest_route=\/wp\/v2\/pages\/78\/revisions"}],"predecessor-version":[{"id":429,"href":"https:\/\/zeitfuermaerchen.ch\/index.php?rest_route=\/wp\/v2\/pages\/78\/revisions\/429"}],"wp:featuredmedia":[{"embeddable":true,"href":"https:\/\/zeitfuermaerchen.ch\/index.php?rest_route=\/wp\/v2\/media\/157"}],"wp:attachment":[{"href":"https:\/\/zeitfuermaerchen.ch\/index.php?rest_route=%2Fwp%2Fv2%2Fmedia&parent=78"}],"curies":[{"name":"wp","href":"https:\/\/api.w.org\/{rel}","templated":true}]}}