{"id":77,"date":"2025-01-12T16:14:02","date_gmt":"2025-01-12T16:14:02","guid":{"rendered":"https:\/\/zeitfuermaerchen.ch\/?page_id=77"},"modified":"2025-11-18T18:19:26","modified_gmt":"2025-11-18T18:19:26","slug":"maerchenzeit","status":"publish","type":"page","link":"https:\/\/zeitfuermaerchen.ch\/?page_id=77","title":{"rendered":"M\u00e4rchenzeit ganz pers\u00f6nlich"},"content":{"rendered":"\n<h1 class=\"wp-block-heading\">in der Gruppe &#8211; auf einem Spaziergang oder eine Wanderung &#8211; als Warm up oder Highlight &#8211; zur Begr\u00fcssung oder als Abschied &#8211; mit oder ohne kulinarischem Beiwerk &#8211; individuell oder von der Stange &#8211; aber immer pers\u00f6nlich!<\/h1>\n\n\n\n<blockquote class=\"wp-block-quote is-layout-flow wp-block-quote-is-layout-flow\">\n<figure class=\"wp-block-image size-large\"><img loading=\"lazy\" decoding=\"async\" width=\"724\" height=\"1024\" src=\"https:\/\/zeitfuermaerchen.ch\/wp-content\/uploads\/2025\/04\/Maerchen-Trommeln-und-Gesaenge-aus-Afrika-5-1-724x1024.png\" alt=\"\" class=\"wp-image-342\" srcset=\"https:\/\/zeitfuermaerchen.ch\/wp-content\/uploads\/2025\/04\/Maerchen-Trommeln-und-Gesaenge-aus-Afrika-5-1-724x1024.png 724w, https:\/\/zeitfuermaerchen.ch\/wp-content\/uploads\/2025\/04\/Maerchen-Trommeln-und-Gesaenge-aus-Afrika-5-1-212x300.png 212w, https:\/\/zeitfuermaerchen.ch\/wp-content\/uploads\/2025\/04\/Maerchen-Trommeln-und-Gesaenge-aus-Afrika-5-1-768x1086.png 768w, https:\/\/zeitfuermaerchen.ch\/wp-content\/uploads\/2025\/04\/Maerchen-Trommeln-und-Gesaenge-aus-Afrika-5-1-1086x1536.png 1086w, https:\/\/zeitfuermaerchen.ch\/wp-content\/uploads\/2025\/04\/Maerchen-Trommeln-und-Gesaenge-aus-Afrika-5-1.png 1414w\" sizes=\"auto, (max-width: 724px) 100vw, 724px\" \/><\/figure>\n<\/blockquote>\n\n\n\n<figure class=\"wp-block-gallery has-nested-images columns-default is-cropped wp-block-gallery-1 is-layout-flex wp-block-gallery-is-layout-flex\">\n<figure class=\"wp-block-image size-large\"><img loading=\"lazy\" decoding=\"async\" width=\"1024\" height=\"768\" data-id=\"394\" src=\"https:\/\/zeitfuermaerchen.ch\/wp-content\/uploads\/2025\/11\/IMG_0287-1-1024x768.jpg\" alt=\"\" class=\"wp-image-394\" srcset=\"https:\/\/zeitfuermaerchen.ch\/wp-content\/uploads\/2025\/11\/IMG_0287-1-1024x768.jpg 1024w, https:\/\/zeitfuermaerchen.ch\/wp-content\/uploads\/2025\/11\/IMG_0287-1-300x225.jpg 300w, https:\/\/zeitfuermaerchen.ch\/wp-content\/uploads\/2025\/11\/IMG_0287-1-768x576.jpg 768w, https:\/\/zeitfuermaerchen.ch\/wp-content\/uploads\/2025\/11\/IMG_0287-1-1536x1152.jpg 1536w, https:\/\/zeitfuermaerchen.ch\/wp-content\/uploads\/2025\/11\/IMG_0287-1-2048x1536.jpg 2048w\" sizes=\"auto, (max-width: 767px) 89vw, (max-width: 1000px) 54vw, (max-width: 1071px) 543px, 580px\" \/><\/figure>\n\n\n\n<figure class=\"wp-block-image size-large\"><img loading=\"lazy\" decoding=\"async\" width=\"1024\" height=\"768\" data-id=\"393\" src=\"https:\/\/zeitfuermaerchen.ch\/wp-content\/uploads\/2025\/11\/IMG-20251118-WA0015-1024x768.jpg\" alt=\"\" class=\"wp-image-393\" srcset=\"https:\/\/zeitfuermaerchen.ch\/wp-content\/uploads\/2025\/11\/IMG-20251118-WA0015-1024x768.jpg 1024w, https:\/\/zeitfuermaerchen.ch\/wp-content\/uploads\/2025\/11\/IMG-20251118-WA0015-300x225.jpg 300w, https:\/\/zeitfuermaerchen.ch\/wp-content\/uploads\/2025\/11\/IMG-20251118-WA0015-768x576.jpg 768w, https:\/\/zeitfuermaerchen.ch\/wp-content\/uploads\/2025\/11\/IMG-20251118-WA0015.jpg 1304w\" sizes=\"auto, (max-width: 767px) 89vw, (max-width: 1000px) 54vw, (max-width: 1071px) 543px, 580px\" \/><\/figure>\n<\/figure>\n\n\n\n<figure class=\"wp-block-gallery has-nested-images columns-default is-cropped wp-block-gallery-2 is-layout-flex wp-block-gallery-is-layout-flex\">\n<figure class=\"wp-block-image size-large\"><img loading=\"lazy\" decoding=\"async\" width=\"1024\" height=\"768\" data-id=\"395\" src=\"https:\/\/zeitfuermaerchen.ch\/wp-content\/uploads\/2025\/11\/IMG_0307-1-1024x768.jpg\" alt=\"\" class=\"wp-image-395\" srcset=\"https:\/\/zeitfuermaerchen.ch\/wp-content\/uploads\/2025\/11\/IMG_0307-1-1024x768.jpg 1024w, https:\/\/zeitfuermaerchen.ch\/wp-content\/uploads\/2025\/11\/IMG_0307-1-300x225.jpg 300w, https:\/\/zeitfuermaerchen.ch\/wp-content\/uploads\/2025\/11\/IMG_0307-1-768x576.jpg 768w, https:\/\/zeitfuermaerchen.ch\/wp-content\/uploads\/2025\/11\/IMG_0307-1-1536x1152.jpg 1536w, https:\/\/zeitfuermaerchen.ch\/wp-content\/uploads\/2025\/11\/IMG_0307-1-2048x1536.jpg 2048w\" sizes=\"auto, (max-width: 767px) 89vw, (max-width: 1000px) 54vw, (max-width: 1071px) 543px, 580px\" \/><\/figure>\n\n\n\n<figure class=\"wp-block-image size-large\"><img loading=\"lazy\" decoding=\"async\" width=\"1024\" height=\"768\" data-id=\"396\" src=\"https:\/\/zeitfuermaerchen.ch\/wp-content\/uploads\/2025\/11\/IMG_0334-1024x768.jpg\" alt=\"\" class=\"wp-image-396\" srcset=\"https:\/\/zeitfuermaerchen.ch\/wp-content\/uploads\/2025\/11\/IMG_0334-1024x768.jpg 1024w, https:\/\/zeitfuermaerchen.ch\/wp-content\/uploads\/2025\/11\/IMG_0334-300x225.jpg 300w, https:\/\/zeitfuermaerchen.ch\/wp-content\/uploads\/2025\/11\/IMG_0334-768x576.jpg 768w, https:\/\/zeitfuermaerchen.ch\/wp-content\/uploads\/2025\/11\/IMG_0334-1536x1152.jpg 1536w, https:\/\/zeitfuermaerchen.ch\/wp-content\/uploads\/2025\/11\/IMG_0334-2048x1536.jpg 2048w\" sizes=\"auto, (max-width: 767px) 89vw, (max-width: 1000px) 54vw, (max-width: 1071px) 543px, 580px\" \/><\/figure>\n\n\n\n<figure class=\"wp-block-image size-large\"><img loading=\"lazy\" decoding=\"async\" width=\"1024\" height=\"1024\" data-id=\"397\" src=\"https:\/\/zeitfuermaerchen.ch\/wp-content\/uploads\/2025\/11\/IMG_0357-1024x1024.jpg\" alt=\"\" class=\"wp-image-397\" srcset=\"https:\/\/zeitfuermaerchen.ch\/wp-content\/uploads\/2025\/11\/IMG_0357-1024x1024.jpg 1024w, https:\/\/zeitfuermaerchen.ch\/wp-content\/uploads\/2025\/11\/IMG_0357-300x300.jpg 300w, https:\/\/zeitfuermaerchen.ch\/wp-content\/uploads\/2025\/11\/IMG_0357-150x150.jpg 150w, https:\/\/zeitfuermaerchen.ch\/wp-content\/uploads\/2025\/11\/IMG_0357-768x768.jpg 768w, https:\/\/zeitfuermaerchen.ch\/wp-content\/uploads\/2025\/11\/IMG_0357-1536x1536.jpg 1536w, https:\/\/zeitfuermaerchen.ch\/wp-content\/uploads\/2025\/11\/IMG_0357-2048x2048.jpg 2048w, https:\/\/zeitfuermaerchen.ch\/wp-content\/uploads\/2025\/11\/IMG_0357-100x100.jpg 100w\" sizes=\"auto, (max-width: 767px) 89vw, (max-width: 1000px) 54vw, (max-width: 1071px) 543px, 580px\" \/><\/figure>\n<\/figure>\n\n\n\n<figure class=\"wp-block-gallery has-nested-images columns-default is-cropped wp-block-gallery-3 is-layout-flex wp-block-gallery-is-layout-flex\">\n<figure class=\"wp-block-image size-large\"><img loading=\"lazy\" decoding=\"async\" width=\"1024\" height=\"768\" data-id=\"399\" src=\"https:\/\/zeitfuermaerchen.ch\/wp-content\/uploads\/2025\/11\/IMG_0368-1024x768.jpg\" alt=\"\" class=\"wp-image-399\" srcset=\"https:\/\/zeitfuermaerchen.ch\/wp-content\/uploads\/2025\/11\/IMG_0368-1024x768.jpg 1024w, https:\/\/zeitfuermaerchen.ch\/wp-content\/uploads\/2025\/11\/IMG_0368-300x225.jpg 300w, https:\/\/zeitfuermaerchen.ch\/wp-content\/uploads\/2025\/11\/IMG_0368-768x576.jpg 768w, https:\/\/zeitfuermaerchen.ch\/wp-content\/uploads\/2025\/11\/IMG_0368-1536x1152.jpg 1536w, https:\/\/zeitfuermaerchen.ch\/wp-content\/uploads\/2025\/11\/IMG_0368-2048x1536.jpg 2048w\" sizes=\"auto, (max-width: 767px) 89vw, (max-width: 1000px) 54vw, (max-width: 1071px) 543px, 580px\" \/><\/figure>\n\n\n\n<figure class=\"wp-block-image size-large\"><img loading=\"lazy\" decoding=\"async\" width=\"1024\" height=\"768\" data-id=\"398\" src=\"https:\/\/zeitfuermaerchen.ch\/wp-content\/uploads\/2025\/11\/IMG_0477-1024x768.jpg\" alt=\"\" class=\"wp-image-398\" srcset=\"https:\/\/zeitfuermaerchen.ch\/wp-content\/uploads\/2025\/11\/IMG_0477-1024x768.jpg 1024w, https:\/\/zeitfuermaerchen.ch\/wp-content\/uploads\/2025\/11\/IMG_0477-300x225.jpg 300w, https:\/\/zeitfuermaerchen.ch\/wp-content\/uploads\/2025\/11\/IMG_0477-768x576.jpg 768w, https:\/\/zeitfuermaerchen.ch\/wp-content\/uploads\/2025\/11\/IMG_0477-1536x1152.jpg 1536w, https:\/\/zeitfuermaerchen.ch\/wp-content\/uploads\/2025\/11\/IMG_0477-2048x1536.jpg 2048w\" sizes=\"auto, (max-width: 767px) 89vw, (max-width: 1000px) 54vw, (max-width: 1071px) 543px, 580px\" \/><\/figure>\n<\/figure>\n\n\n\n<p><\/p>\n\n\n\n<p><\/p>\n\n\n\n<p><\/p>\n\n\n\n<div class=\"wp-block-media-text is-stacked-on-mobile\"><figure class=\"wp-block-media-text__media\"><img loading=\"lazy\" decoding=\"async\" width=\"915\" height=\"805\" src=\"https:\/\/zeitfuermaerchen.ch\/wp-content\/uploads\/2025\/01\/Maerchentelefon-1.png\" alt=\"\" class=\"wp-image-113 size-full\" srcset=\"https:\/\/zeitfuermaerchen.ch\/wp-content\/uploads\/2025\/01\/Maerchentelefon-1.png 915w, https:\/\/zeitfuermaerchen.ch\/wp-content\/uploads\/2025\/01\/Maerchentelefon-1-300x264.png 300w, https:\/\/zeitfuermaerchen.ch\/wp-content\/uploads\/2025\/01\/Maerchentelefon-1-768x676.png 768w\" sizes=\"auto, (max-width: 767px) 89vw, (max-width: 1000px) 54vw, (max-width: 1071px) 543px, 580px\" \/><\/figure><div class=\"wp-block-media-text__content\">\n<p><strong>Bei Anruf M\u00e4rchen.<\/strong><br><br>Spontan &#8211; wenn es bei mir grad passt &#8211; oder mit Termin: Ich erz\u00e4hle ein M\u00e4rchen am Telefon oder vielleicht auch zwei?<br>Einfach mal so oder zu einem Anlass.<br>Welches M\u00e4rchen? Ich stelle ein paar Fragen und wir finden schon die passende Geschichte.<\/p>\n<\/div><\/div>\n\n\n\n<div class=\"wp-block-media-text has-media-on-the-right is-stacked-on-mobile\"><div class=\"wp-block-media-text__content\">\n<p><strong>Altstadt- oder Brunnen- Spaziergang<\/strong><\/p>\n\n\n\n<p>M\u00e4rchen muss man nicht immer in der Stube h\u00f6ren.<br>Man kann auch durch Schaffhausen schlendern und M\u00e4rchen von hier und anderswo h\u00f6ren.<\/p>\n\n\n\n<p>Termine f\u00fcr Gruppen nach Absprache.<\/p>\n\n\n\n<p>Der n\u00e4chste Spaziergang f\u00fcr Einzelpersonen<\/p>\n<\/div><figure class=\"wp-block-media-text__media\"><img loading=\"lazy\" decoding=\"async\" width=\"724\" height=\"1024\" src=\"https:\/\/zeitfuermaerchen.ch\/wp-content\/uploads\/2025\/01\/Brunnenmaerchen-724x1024.png\" alt=\"\" class=\"wp-image-108 size-full\" srcset=\"https:\/\/zeitfuermaerchen.ch\/wp-content\/uploads\/2025\/01\/Brunnenmaerchen-724x1024.png 724w, https:\/\/zeitfuermaerchen.ch\/wp-content\/uploads\/2025\/01\/Brunnenmaerchen-212x300.png 212w, https:\/\/zeitfuermaerchen.ch\/wp-content\/uploads\/2025\/01\/Brunnenmaerchen-768x1086.png 768w, https:\/\/zeitfuermaerchen.ch\/wp-content\/uploads\/2025\/01\/Brunnenmaerchen-1086x1536.png 1086w, https:\/\/zeitfuermaerchen.ch\/wp-content\/uploads\/2025\/01\/Brunnenmaerchen.png 1414w\" sizes=\"auto, (max-width: 724px) 100vw, 724px\" \/><\/figure><\/div>\n\n\n\n<div class=\"wp-block-media-text is-stacked-on-mobile\"><figure class=\"wp-block-media-text__media\"><img loading=\"lazy\" decoding=\"async\" width=\"724\" height=\"1024\" src=\"https:\/\/zeitfuermaerchen.ch\/wp-content\/uploads\/2025\/01\/Maerchen-Cafe-724x1024.png\" alt=\"\" class=\"wp-image-109 size-full\" srcset=\"https:\/\/zeitfuermaerchen.ch\/wp-content\/uploads\/2025\/01\/Maerchen-Cafe-724x1024.png 724w, https:\/\/zeitfuermaerchen.ch\/wp-content\/uploads\/2025\/01\/Maerchen-Cafe-212x300.png 212w, https:\/\/zeitfuermaerchen.ch\/wp-content\/uploads\/2025\/01\/Maerchen-Cafe-768x1086.png 768w, https:\/\/zeitfuermaerchen.ch\/wp-content\/uploads\/2025\/01\/Maerchen-Cafe-1086x1536.png 1086w, https:\/\/zeitfuermaerchen.ch\/wp-content\/uploads\/2025\/01\/Maerchen-Cafe.png 1414w\" sizes=\"auto, (max-width: 724px) 100vw, 724px\" \/><\/figure><div class=\"wp-block-media-text__content\">\n<p>Wie sch\u00f6n w\u00e4re das denn: Kaffee oder Tee, vielleicht ein Glas Prosecco, feiner Kuchen und dazu M\u00e4rchen h\u00f6ren?<br>Das kann ganz einfach wahr werden:<br>ab und an gibt es so einen M\u00e4rchen-Kaffee-Klatsch bei mir.<br>Oder Du l\u00e4dst ein paar Freunde ein und ich&nbsp; komme mit meinen M\u00e4rchen zu Euch!<\/p>\n\n\n\n<p>Der n\u00e4chste Kaffeeklatsch bei mir ist am<\/p>\n<\/div><\/div>\n\n\n\n<div class=\"wp-block-media-text has-media-on-the-right is-stacked-on-mobile\"><div class=\"wp-block-media-text__content\">\n<p>Aper\u00f6le geh\u00f6rt in der Schweiz zu vielen Anl\u00e4ssen.<\/p>\n\n\n\n<p>Und auch in den M\u00e4rchen wird gefeiert, gegessen, gefestet und getrunken.<\/p>\n\n\n\n<p>Warum also nicht M\u00e4rchen und Apero verbinden?<\/p>\n<\/div><figure class=\"wp-block-media-text__media\"><img loading=\"lazy\" decoding=\"async\" width=\"724\" height=\"1024\" src=\"https:\/\/zeitfuermaerchen.ch\/wp-content\/uploads\/2025\/01\/Aperomaerchen-724x1024.png\" alt=\"\" class=\"wp-image-107 size-full\" srcset=\"https:\/\/zeitfuermaerchen.ch\/wp-content\/uploads\/2025\/01\/Aperomaerchen-724x1024.png 724w, https:\/\/zeitfuermaerchen.ch\/wp-content\/uploads\/2025\/01\/Aperomaerchen-212x300.png 212w, https:\/\/zeitfuermaerchen.ch\/wp-content\/uploads\/2025\/01\/Aperomaerchen-768x1086.png 768w, https:\/\/zeitfuermaerchen.ch\/wp-content\/uploads\/2025\/01\/Aperomaerchen-1086x1536.png 1086w, https:\/\/zeitfuermaerchen.ch\/wp-content\/uploads\/2025\/01\/Aperomaerchen.png 1414w\" sizes=\"auto, (max-width: 724px) 100vw, 724px\" \/><\/figure><\/div>\n","protected":false},"excerpt":{"rendered":"<p>in der Gruppe &#8211; auf einem Spaziergang oder eine Wanderung &#8211; als Warm up oder Highlight &#8211; zur Begr\u00fcssung oder als Abschied &#8211; mit oder ohne kulinarischem Beiwerk &#8211; individuell oder von der Stange &#8211; aber immer pers\u00f6nlich! Bei Anruf M\u00e4rchen. Spontan &#8211; wenn es bei mir grad passt &#8211; oder mit Termin: Ich erz\u00e4hle &hellip; <\/p>\n<p class=\"link-more\"><a href=\"https:\/\/zeitfuermaerchen.ch\/?page_id=77\" class=\"more-link\"><span class=\"screen-reader-text\">&#171;M\u00e4rchenzeit ganz pers\u00f6nlich&#187;<\/span> weiterlesen<\/a><\/p>\n","protected":false},"author":1,"featured_media":153,"parent":0,"menu_order":0,"comment_status":"closed","ping_status":"closed","template":"","meta":{"footnotes":""},"class_list":["post-77","page","type-page","status-publish","has-post-thumbnail","hentry"],"_links":{"self":[{"href":"https:\/\/zeitfuermaerchen.ch\/index.php?rest_route=\/wp\/v2\/pages\/77","targetHints":{"allow":["GET"]}}],"collection":[{"href":"https:\/\/zeitfuermaerchen.ch\/index.php?rest_route=\/wp\/v2\/pages"}],"about":[{"href":"https:\/\/zeitfuermaerchen.ch\/index.php?rest_route=\/wp\/v2\/types\/page"}],"author":[{"embeddable":true,"href":"https:\/\/zeitfuermaerchen.ch\/index.php?rest_route=\/wp\/v2\/users\/1"}],"replies":[{"embeddable":true,"href":"https:\/\/zeitfuermaerchen.ch\/index.php?rest_route=%2Fwp%2Fv2%2Fcomments&post=77"}],"version-history":[{"count":13,"href":"https:\/\/zeitfuermaerchen.ch\/index.php?rest_route=\/wp\/v2\/pages\/77\/revisions"}],"predecessor-version":[{"id":400,"href":"https:\/\/zeitfuermaerchen.ch\/index.php?rest_route=\/wp\/v2\/pages\/77\/revisions\/400"}],"wp:featuredmedia":[{"embeddable":true,"href":"https:\/\/zeitfuermaerchen.ch\/index.php?rest_route=\/wp\/v2\/media\/153"}],"wp:attachment":[{"href":"https:\/\/zeitfuermaerchen.ch\/index.php?rest_route=%2Fwp%2Fv2%2Fmedia&parent=77"}],"curies":[{"name":"wp","href":"https:\/\/api.w.org\/{rel}","templated":true}]}}